{"id":721,"date":"2023-07-07T01:19:08","date_gmt":"2023-07-06T22:19:08","guid":{"rendered":"https:\/\/selectweb.ro\/?page_id=721"},"modified":"2023-07-07T03:20:42","modified_gmt":"2023-07-07T00:20:42","slug":"cariere-la-selectweb","status":"publish","type":"page","link":"https:\/\/selectweb.ro\/en\/cariere-la-selectweb\/","title":{"rendered":"Careers"},"content":{"rendered":"<div data-elementor-type=\"wp-page\" data-elementor-id=\"721\" class=\"elementor elementor-721\" data-elementor-settings=\"{&quot;element_pack_global_tooltip_width&quot;:{&quot;unit&quot;:&quot;px&quot;,&quot;size&quot;:&quot;&quot;,&quot;sizes&quot;:[]},&quot;element_pack_global_tooltip_width_tablet&quot;:{&quot;unit&quot;:&quot;px&quot;,&quot;size&quot;:&quot;&quot;,&quot;sizes&quot;:[]},&quot;element_pack_global_tooltip_width_mobile&quot;:{&quot;unit&quot;:&quot;px&quot;,&quot;size&quot;:&quot;&quot;,&quot;sizes&quot;:[]},&quot;element_pack_global_tooltip_padding&quot;:{&quot;unit&quot;:&quot;px&quot;,&quot;top&quot;:&quot;&quot;,&quot;right&quot;:&quot;&quot;,&quot;bottom&quot;:&quot;&quot;,&quot;left&quot;:&quot;&quot;,&quot;isLinked&quot;:true},&quot;element_pack_global_tooltip_padding_tablet&quot;:{&quot;unit&quot;:&quot;px&quot;,&quot;top&quot;:&quot;&quot;,&quot;right&quot;:&quot;&quot;,&quot;bottom&quot;:&quot;&quot;,&quot;left&quot;:&quot;&quot;,&quot;isLinked&quot;:true},&quot;element_pack_global_tooltip_padding_mobile&quot;:{&quot;unit&quot;:&quot;px&quot;,&quot;top&quot;:&quot;&quot;,&quot;right&quot;:&quot;&quot;,&quot;bottom&quot;:&quot;&quot;,&quot;left&quot;:&quot;&quot;,&quot;isLinked&quot;:true},&quot;element_pack_global_tooltip_border_radius&quot;:{&quot;unit&quot;:&quot;px&quot;,&quot;top&quot;:&quot;&quot;,&quot;right&quot;:&quot;&quot;,&quot;bottom&quot;:&quot;&quot;,&quot;left&quot;:&quot;&quot;,&quot;isLinked&quot;:true},&quot;element_pack_global_tooltip_border_radius_tablet&quot;:{&quot;unit&quot;:&quot;px&quot;,&quot;top&quot;:&quot;&quot;,&quot;right&quot;:&quot;&quot;,&quot;bottom&quot;:&quot;&quot;,&quot;left&quot;:&quot;&quot;,&quot;isLinked&quot;:true},&quot;element_pack_global_tooltip_border_radius_mobile&quot;:{&quot;unit&quot;:&quot;px&quot;,&quot;top&quot;:&quot;&quot;,&quot;right&quot;:&quot;&quot;,&quot;bottom&quot;:&quot;&quot;,&quot;left&quot;:&quot;&quot;,&quot;isLinked&quot;:true}}\">\n\t\t\t\t\t\t<section class=\"elementor-section elementor-top-section elementor-element elementor-element-b467544 elementor-section-boxed elementor-section-height-default elementor-section-height-default\" data-id=\"b467544\" data-element_type=\"section\" data-e-type=\"section\">\n\t\t\t\t\t\t<div class=\"elementor-container elementor-column-gap-default\">\n\t\t\t\t\t<div class=\"elementor-column elementor-col-100 elementor-top-column elementor-element elementor-element-5ce548f\" data-id=\"5ce548f\" data-element_type=\"column\" data-e-type=\"column\">\n\t\t\t<div class=\"elementor-widget-wrap elementor-element-populated\">\n\t\t\t\t\t\t<div class=\"elementor-element elementor-element-014f6e8 elementor-view-default elementor-position-block-start elementor-mobile-position-block-start elementor-widget elementor-widget-icon-box\" data-id=\"014f6e8\" data-element_type=\"widget\" data-e-type=\"widget\" data-widget_type=\"icon-box.default\">\n\t\t\t\t\t\t\t<div class=\"elementor-icon-box-wrapper\">\n\n\t\t\t\t\t\t<div class=\"elementor-icon-box-icon\">\n\t\t\t\t<span  class=\"elementor-icon\">\n\t\t\t\t<svg aria-hidden=\"true\" class=\"e-font-icon-svg e-fas-sad-tear\" viewbox=\"0 0 496 512\" xmlns=\"http:\/\/www.w3.org\/2000\/svg\"><path d=\"M248 8C111 8 0 119 0 256s111 248 248 248 248-111 248-248S385 8 248 8zm80 168c17.7 0 32 14.3 32 32s-14.3 32-32 32-32-14.3-32-32 14.3-32 32-32zM152 416c-26.5 0-48-21-48-47 0-20 28.5-60.4 41.6-77.8 3.2-4.3 9.6-4.3 12.8 0C171.5 308.6 200 349 200 369c0 26-21.5 47-48 47zm16-176c-17.7 0-32-14.3-32-32s14.3-32 32-32 32 14.3 32 32-14.3 32-32 32zm170.2 154.2C315.8 367.4 282.9 352 248 352c-21.2 0-21.2-32 0-32 44.4 0 86.3 19.6 114.7 53.8 13.8 16.4-11.2 36.5-24.5 20.4z\"><\/path><\/svg>\t\t\t\t<\/span>\n\t\t\t<\/div>\n\t\t\t\n\t\t\t\t\t\t<div class=\"elementor-icon-box-content\">\n\n\t\t\t\t\t\t\t\t\t<h3 class=\"elementor-icon-box-title\">\n\t\t\t\t\t\t<span  >\n\t\t\t\t\t\t\tNo jobs available\t\t\t\t\t\t<\/span>\n\t\t\t\t\t<\/h3>\n\t\t\t\t\n\t\t\t\t\t\t\t\t\t<p class=\"elementor-icon-box-description\">\n\t\t\t\t\t\tUnfortunately we currently have no open position. Would you still like to make a proposal? <br>Send us an email and tell us about yourself.\n<br> <a href=\"mailto:cariere@selectweb.ro\">cariere@selectweb.ro<\/a>\t\t\t\t\t<\/p>\n\t\t\t\t\n\t\t\t<\/div>\n\t\t\t\n\t\t<\/div>\n\t\t\t\t\t\t<\/div>\n\t\t\t\t\t<\/div>\n\t\t<\/div>\n\t\t\t\t\t<\/div>\n\t\t<\/section>\n\t\t\t\t<\/div>","protected":false},"excerpt":{"rendered":"<p>Niciun job disponibil Din p\u0103cate \u00een prezent nu avem nicio pozi\u021bie deschis\u0103. [&hellip;]<\/p>\n","protected":false},"author":1,"featured_media":0,"parent":0,"menu_order":0,"comment_status":"closed","ping_status":"closed","template":"","meta":{"footnotes":""},"class_list":["post-721","page","type-page","status-publish","hentry"],"yoast_head":"<!-- This site is optimized with the Yoast SEO plugin v26.9 - https:\/\/yoast.com\/product\/yoast-seo-wordpress\/ -->\n<title>Cariere la SelectWeb - Angaj\u0103ri programatori, market specialists<\/title>\n<meta name=\"description\" content=\"Cariere la SelectWeb - Vezi posturile deschise. Echipa noastr\u0103 este format\u0103 din cei mai buni magicieni digitali. Po\u021bi ad\u0103uga propria ta ma...\" \/>\n<meta name=\"robots\" content=\"index, follow, max-snippet:-1, max-image-preview:large, max-video-preview:-1\" \/>\n<link rel=\"canonical\" href=\"https:\/\/selectweb.ro\/en\/cariere-la-selectweb\/\" \/>\n<meta property=\"og:locale\" content=\"en_US\" \/>\n<meta property=\"og:type\" content=\"article\" \/>\n<meta property=\"og:title\" content=\"Cariere la SelectWeb - Angaj\u0103ri programatori, market specialists\" \/>\n<meta property=\"og:description\" content=\"Cariere la SelectWeb - Vezi posturile deschise. Echipa noastr\u0103 este format\u0103 din cei mai buni magicieni digitali. Po\u021bi ad\u0103uga propria ta ma...\" \/>\n<meta property=\"og:url\" content=\"https:\/\/selectweb.ro\/en\/cariere-la-selectweb\/\" \/>\n<meta property=\"og:site_name\" content=\"SelectWeb\" \/>\n<meta property=\"article:modified_time\" content=\"2023-07-07T00:20:42+00:00\" \/>\n<meta name=\"twitter:card\" content=\"summary_large_image\" \/>\n<meta name=\"twitter:label1\" content=\"Est. reading time\" \/>\n\t<meta name=\"twitter:data1\" content=\"1 minute\" \/>\n<script type=\"application\/ld+json\" class=\"yoast-schema-graph\">{\"@context\":\"https:\/\/schema.org\",\"@graph\":[{\"@type\":\"WebPage\",\"@id\":\"https:\/\/selectweb.ro\/cariere-la-selectweb\/\",\"url\":\"https:\/\/selectweb.ro\/cariere-la-selectweb\/\",\"name\":\"Cariere la SelectWeb - Angaj\u0103ri programatori, market specialists\",\"isPartOf\":{\"@id\":\"https:\/\/selectweb.ro\/#website\"},\"datePublished\":\"2023-07-06T22:19:08+00:00\",\"dateModified\":\"2023-07-07T00:20:42+00:00\",\"description\":\"Cariere la SelectWeb - Vezi posturile deschise. Echipa noastr\u0103 este format\u0103 din cei mai buni magicieni digitali. Po\u021bi ad\u0103uga propria ta ma...\",\"breadcrumb\":{\"@id\":\"https:\/\/selectweb.ro\/cariere-la-selectweb\/#breadcrumb\"},\"inLanguage\":\"en-US\",\"potentialAction\":[{\"@type\":\"ReadAction\",\"target\":[\"https:\/\/selectweb.ro\/cariere-la-selectweb\/\"]}]},{\"@type\":\"BreadcrumbList\",\"@id\":\"https:\/\/selectweb.ro\/cariere-la-selectweb\/#breadcrumb\",\"itemListElement\":[{\"@type\":\"ListItem\",\"position\":1,\"name\":\"Prima pagin\u0103\",\"item\":\"https:\/\/selectweb.ro\/\"},{\"@type\":\"ListItem\",\"position\":2,\"name\":\"Cariere\"}]},{\"@type\":\"WebSite\",\"@id\":\"https:\/\/selectweb.ro\/#website\",\"url\":\"https:\/\/selectweb.ro\/\",\"name\":\"SelectWeb\",\"description\":\"Creare Website\",\"potentialAction\":[{\"@type\":\"SearchAction\",\"target\":{\"@type\":\"EntryPoint\",\"urlTemplate\":\"https:\/\/selectweb.ro\/?s={search_term_string}\"},\"query-input\":{\"@type\":\"PropertyValueSpecification\",\"valueRequired\":true,\"valueName\":\"search_term_string\"}}],\"inLanguage\":\"en-US\"}]}<\/script>\n<!-- \/ Yoast SEO plugin. -->","yoast_head_json":{"title":"Cariere la SelectWeb - Angaj\u0103ri programatori, market specialists","description":"Cariere la SelectWeb - Vezi posturile deschise. Echipa noastr\u0103 este format\u0103 din cei mai buni magicieni digitali. Po\u021bi ad\u0103uga propria ta ma...","robots":{"index":"index","follow":"follow","max-snippet":"max-snippet:-1","max-image-preview":"max-image-preview:large","max-video-preview":"max-video-preview:-1"},"canonical":"https:\/\/selectweb.ro\/en\/cariere-la-selectweb\/","og_locale":"en_US","og_type":"article","og_title":"Cariere la SelectWeb - Angaj\u0103ri programatori, market specialists","og_description":"Cariere la SelectWeb - Vezi posturile deschise. Echipa noastr\u0103 este format\u0103 din cei mai buni magicieni digitali. Po\u021bi ad\u0103uga propria ta ma...","og_url":"https:\/\/selectweb.ro\/en\/cariere-la-selectweb\/","og_site_name":"SelectWeb","article_modified_time":"2023-07-07T00:20:42+00:00","twitter_card":"summary_large_image","twitter_misc":{"Est. reading time":"1 minute"},"schema":{"@context":"https:\/\/schema.org","@graph":[{"@type":"WebPage","@id":"https:\/\/selectweb.ro\/cariere-la-selectweb\/","url":"https:\/\/selectweb.ro\/cariere-la-selectweb\/","name":"Cariere la SelectWeb - Angaj\u0103ri programatori, market specialists","isPartOf":{"@id":"https:\/\/selectweb.ro\/#website"},"datePublished":"2023-07-06T22:19:08+00:00","dateModified":"2023-07-07T00:20:42+00:00","description":"Cariere la SelectWeb - Vezi posturile deschise. Echipa noastr\u0103 este format\u0103 din cei mai buni magicieni digitali. Po\u021bi ad\u0103uga propria ta ma...","breadcrumb":{"@id":"https:\/\/selectweb.ro\/cariere-la-selectweb\/#breadcrumb"},"inLanguage":"en-US","potentialAction":[{"@type":"ReadAction","target":["https:\/\/selectweb.ro\/cariere-la-selectweb\/"]}]},{"@type":"BreadcrumbList","@id":"https:\/\/selectweb.ro\/cariere-la-selectweb\/#breadcrumb","itemListElement":[{"@type":"ListItem","position":1,"name":"Prima pagin\u0103","item":"https:\/\/selectweb.ro\/"},{"@type":"ListItem","position":2,"name":"Cariere"}]},{"@type":"WebSite","@id":"https:\/\/selectweb.ro\/#website","url":"https:\/\/selectweb.ro\/","name":"SelectWeb","description":"Creare Website","potentialAction":[{"@type":"SearchAction","target":{"@type":"EntryPoint","urlTemplate":"https:\/\/selectweb.ro\/?s={search_term_string}"},"query-input":{"@type":"PropertyValueSpecification","valueRequired":true,"valueName":"search_term_string"}}],"inLanguage":"en-US"}]}},"_links":{"self":[{"href":"https:\/\/selectweb.ro\/en\/wp-json\/wp\/v2\/pages\/721","targetHints":{"allow":["GET"]}}],"collection":[{"href":"https:\/\/selectweb.ro\/en\/wp-json\/wp\/v2\/pages"}],"about":[{"href":"https:\/\/selectweb.ro\/en\/wp-json\/wp\/v2\/types\/page"}],"author":[{"embeddable":true,"href":"https:\/\/selectweb.ro\/en\/wp-json\/wp\/v2\/users\/1"}],"replies":[{"embeddable":true,"href":"https:\/\/selectweb.ro\/en\/wp-json\/wp\/v2\/comments?post=721"}],"version-history":[{"count":0,"href":"https:\/\/selectweb.ro\/en\/wp-json\/wp\/v2\/pages\/721\/revisions"}],"wp:attachment":[{"href":"https:\/\/selectweb.ro\/en\/wp-json\/wp\/v2\/media?parent=721"}],"curies":[{"name":"wp","href":"https:\/\/api.w.org\/{rel}","templated":true}]}}