{"id":852,"date":"2023-07-07T04:13:56","date_gmt":"2023-07-07T01:13:56","guid":{"rendered":"https:\/\/selectweb.ro\/?page_id=852"},"modified":"2023-07-07T04:14:28","modified_gmt":"2023-07-07T01:14:28","slug":"politica-gdpr","status":"publish","type":"page","link":"https:\/\/selectweb.ro\/en\/politica-gdpr\/","title":{"rendered":"Politica GDPR"},"content":{"rendered":"<p>Ultima editare: 7 Februarie 2022<\/p>\n\n\n\n<p>Pentru a v\u0103 informa \u0219i a \u00een\u021belege modul \u00een care v\u0103 sunt prelucrate datele cu caracter personal furnizate cu ocazia utiliz\u0103rii site-ului&nbsp;<a href=\"https:\/\/old.selectweb.ro\/\">www.selectweb.ro<\/a>, v\u0103 recomand\u0103m s\u0103 lectura\u021bi cu aten\u021bie prezenta Politic\u0103 de confiden\u021bialitate.<\/p>\n\n\n\n<p>V\u0103 inform\u0103m c\u0103 avem posibilitatea s\u0103 actualiz\u0103m \u0219i s\u0103 modific\u0103m periodic aceast\u0103 Politic\u0103 de protec\u021bie a datelor cu caracter personal (\u201ePolitica\u201d) f\u0103r\u0103 a fi necesar s\u0103 v\u0103 cerem un acord prealabil \u0219i f\u0103r\u0103 a fi supu\u0219i unei proceduri de notificare individual\u0103 ori special\u0103 a modific\u0103rilor aduse. \u00cen cazul oric\u0103rei astfel de modific\u0103ri, vom afi\u0219a pe site versiunea actualizat\u0103 a Politicii de protec\u021bie a datelor cu caracter personal, r\u0103m\u00e2n\u00e2nd \u00een sarcina dumneavoastr\u0103 s\u0103 verifica\u021bi con\u021binutul acestei Politici ori de c\u00e2te ori accesa\u021bi site-ul, pentru a v\u0103 asigura c\u0103 sunte\u021bi la curent cu ultima versiune.<\/p>\n\n\n\n<p><strong>I. Cadru normativ<\/strong><\/p>\n\n\n\n<p>Datele cu caracter personal vor fi colectate \u0219i prelucrate de c\u0103tre SC Winner Path SRL numai \u00een m\u0103sur\u0103 permis\u0103 prin Regulamentul European nr.679\/2016 privind protec\u021bia persoanelor fizice \u00een ceea ce prive\u0219te protec\u021bia datelor cu caracter personal \u0219i privind liber\u0103 circula\u021bie a acestora precum \u0219i prin orice alt\u0103 legisla\u021bie aplicabil\u0103 pe teritoriul Rom\u00e2niei.<\/p>\n\n\n\n<p>Termeni \u00een \u00een\u021belesul Regulamentului European nr.679\/2016:<\/p>\n\n\n\n<p><strong>date cu caracter personal \u2013<\/strong>&nbsp;orice informa\u021bii referitoare la o persoan\u0103 fizic\u0103 identificat\u0103 sau identificabil\u0103; o persoan\u0103 identificabil\u0103 este acea persoan\u0103 care poate fi identificat\u0103, direct sau indirect, \u00een mod particular prin referire la un num\u0103r de identificare ori la unul sau la mai mul\u021bi factori specifici identit\u0103\u021bii sale fizice, fiziologice, psihice, economice, culturale sau sociale;<\/p>\n\n\n\n<p><strong>prelucrarea datelor cu caracter personal \u2013<\/strong>&nbsp;orice opera\u021biune sau set de opera\u021biuni care se efectueaz\u0103 asupra datelor cu caracter personal, prin mijloace automate sau neautomate, cum ar fi colectarea, \u00eenregistrarea, organizarea, stocarea, adaptarea ori modificarea, extragerea, consultarea, utilizarea, dezv\u0103luirea c\u0103tre ter\u021bi prin transmitere, diseminare sau \u00een orice mod, al\u0103turarea, combinarea, blocarea, \u0219tergerea sau distrugerea.<\/p>\n\n\n\n<p><strong>II. Calitatea de operator de date<\/strong><\/p>\n\n\n\n<p>Calitatea de Operator de Date cu caracter personal o are&nbsp;<strong>WINNER PATH SRL<\/strong>, o societate rom\u00e2n\u0103 cu sediul \u00een T\u00e2rgu Jiu, str. Ecaterina Teodoroiu, nr. 120, jud. Gorj, \u00eenmatriculat\u0103 la Oficiul Registrului Comer\u021bului Gorj Nr. J18\/318\/2021, Cod Unic de \u00cenregistrare: 43873203, e-mail contact@old.selectweb.ro, nr. tel. +40762226230 (denumit\u0103 \u00een continuare&nbsp;<em>Societatea, Prestatorul&nbsp;<\/em>sau&nbsp;<em>SelectWeb<\/em>).<\/p>\n\n\n\n<p><strong>III.<\/strong>&nbsp;<strong>Datele prelucrate<\/strong><\/p>\n\n\n\n<p>Datele personale pe care le prelucr\u0103m sunt:<br>nume,<br>prenume,<br>adres\u0103,<br>adresa de email,<br>num\u0103r de telefon,<br>date de cont bancar,<br>IP.<\/p>\n\n\n\n<p>Adresa \u0219i datele de cont bancar sunt prelucrate \u00een scop de facturare \u0219i plat\u0103 doar \u00een cazul persoanelor care aleg s\u0103 se aboneze la serviciile noastre.<\/p>\n\n\n\n<p>C\u00e2nd vizita\u021bi&nbsp;<a href=\"https:\/\/old.selectweb.ro\/\">www.selectweb.ro<\/a>, colect\u0103m automat anumite informa\u021bii despre dispozitivul dumneavoastr\u0103, cum ar fi informa\u021bii despre browser, adresa IP, fus orar \u0219i unele cookie-uri instalate pe dispozitiv.<\/p>\n\n\n\n<p>V\u0103 rug\u0103m s\u0103 consulta\u021bi \u0219i sec\u021biunea privind Politica de cookie-uri afi\u0219at\u0103 pe pagina principal\u0103 a site-ului nostru.<\/p>\n\n\n\n<p>Folosim Google Analytics \u0219i Facebook pixel pentru a ne ajuta s\u0103 \u00een\u021belegem cum utilizeaz\u0103 clien\u021bii no\u0219tri site-ul \u2013 pute\u021bi citi mai multe despre modul \u00een care Google utilizeaz\u0103 informa\u021biile dvs. personale aici: https:\/\/www.google.com\/intl\/ro\/policies\/privacy\/. De asemenea, pute\u021bi renun\u021ba la Google Analytics aici: https:\/\/tools.google.com\/dlpage\/gaoptout. Pute\u021bi citi mai multe despre Facebook pixel aici: www.facebook.com.<\/p>\n\n\n\n<p>Nu colect\u0103m \u0219i nu prelucr\u0103m date sensibile, astfel cum sunt definite prin Regulamentul European nr.679\/2016. De asemenea, nu dorim s\u0103 colect\u0103m sau s\u0103 prelucr\u0103m date ale minorilor. V\u0103 rug\u0103m s\u0103 nu v\u0103 crea\u021bi cont pe site-ul nostru \u0219i s\u0103 ne furniza\u021bi nicio informa\u021bie \u00een cazul \u00een care nu ave\u021bi \u00eemplinit\u0103 v\u00e2rsta de 18 ani.<\/p>\n\n\n\n<p><strong>IV. Scopul colect\u0103rii datelor<\/strong><\/p>\n\n\n\n<p>Scopul colect\u0103rii datelor este: \u00eenregistrarea conturilor de utilizatori pe www.selectweb.ro, informarea utilizatorilor \/ clien\u021bilor (Cump\u0103r\u0103torilor) privind situa\u021bia contului lor de pe www.selectweb.ro, desf\u0103\u0219urarea rela\u021biei contractuale dintre utilizatori\/clien\u021bi \u0219i Winner Path SRL, respectiv pentru abonarea, validarea, prelucrarea \u0219i facturarea serviciilor solicitate, asigurarea pl\u0103\u021bii sumelor aferente serviciilor oferite, informarea utilizatorilor\/clien\u021bilor privind evolu\u021bia \u0219i starea comenzilor, evaluarea produselor \u0219i serviciilor oferite, oferirea de r\u0103spunsuri la reclama\u021biile plasate, activit\u0103\u021bi comerciale, de promovare a produselor \u0219i serviciilor, de marketing, de publicitate, de media, administrative, de dezvoltare, de cercetare de pia\u021b\u0103, de statistic\u0103, de urm\u0103rire \u0219i monitorizare a v\u00e2nz\u0103rilor \u0219i comportamentul consumatorului.<\/p>\n\n\n\n<p>Winner Path SRL poate notifica utilizatorii\/clien\u021bii privind ofertele curente prin newsletterul s\u0103pt\u0103m\u00e2nal, \u0219i poate trimite felicit\u0103ri, cupoane cadou sau alte mesaje speciale, \u00een cazul \u00een care v-a\u021bi exprimat consim\u021b\u0103m\u00e2ntul \u00een acest sens, prin bifarea c\u0103su\u021belor aferente.<\/p>\n\n\n\n<p><strong>V.&nbsp;Temeiurile<\/strong><strong>&nbsp;prelucr\u0103rii<\/strong><\/p>\n\n\n\n<p>Operatorul are dreptul de a prelucra date personale pentru scopurile prezentate mai jos:<\/p>\n\n\n\n<ul class=\"wp-block-list\">\n<li><\/li>\n<\/ul>\n\n\n\n<ul class=\"wp-block-list\">\n<li><\/li>\n<\/ul>\n\n\n\n<p>\u00cen cazul \u00een care prelucrarea datelor nu este necesar\u0103 pentru \u00eencheierea \u0219i executarea raporturilor noastre juridice, nu vom prelucra date personale pentru niciunul dintre scopurile de mai sus dac\u0103 nu avem consim\u021b\u0103m\u00e2ntul dumneavoastr\u0103 \u00een acest sens, oferit prin bifarea c\u0103su\u021belor corespunz\u0103toare.<\/p>\n\n\n\n<p><strong><u>VI. Durata de stocare \u0219i prelucrare a datelor personale<\/u><\/strong><\/p>\n\n\n\n<p>Prelucr\u0103m \u0219i stoc\u0103m datele personale pe durata necesar\u0103 \u00eendeplinirii scopurilor pentru care datele au fost colectate \u0219i \u00een orice caz pe perioada impus\u0103 de reglement\u0103rile legale aplicabile.<\/p>\n\n\n\n<p>Ne propunem s\u0103 revizuim \u0219i s\u0103 actualiz\u0103m periodic (ca principiu, la fiecare 12 luni) baza noastr\u0103 de date astfel \u00eenc\u00e2t s\u0103 nu stoc\u0103m date care nu mai sunt necesare scopurilor pentru care au fost colectate.<\/p>\n\n\n\n<p><strong>VII. Transmiterea datelor c\u0103tre alte persoane<\/strong><\/p>\n\n\n\n<p>Winner Path SRL poate furniza datele dumneavoastr\u0103 cu caracter personal altor companii cu care se afl\u0103 \u00een rela\u021bii de parteneriat, dar numai \u00een temeiul unui angajament de confiden\u021bialitate din partea acestora, prin care garanteaz\u0103 c\u0103 aceste date sunt p\u0103strate \u00een siguran\u021b\u0103 \u0219i c\u0103 furnizarea acestor informa\u021bii personale se face conform legisla\u021biei \u00een vigoare, dup\u0103 cum urmeaz\u0103: furnizori de servicii de curierat, servicii de bancare, etc., alte companii cu care putem dezvolt\u0103 programe comune de ofertare pe pia\u021b\u0103 a produselor \u0219i serviciilor noastre.<\/p>\n\n\n\n<p>Informa\u021biile dumneavoastr\u0103 cu caracter personal pot fi furnizate \u0219i c\u0103tre Parchet, Poli\u021bie, Instan\u021bele judec\u0103tore\u0219ti \u0219i altor organe abilitate ale statului, \u00een baza \u0219i \u00een limitele prevederilor legale \u0219i c\u0103 urmare a unor cereri expres formulate.<\/p>\n\n\n\n<p>Datele dumneavoastr\u0103 cu caracter personal pot fi transferate \u00een afara \u021b\u0103rii c\u0103tre state din Uniunea Europeana (\u201c<strong>UE<\/strong>\u201d) sau din Spa\u021biul Economic European (\u201c<strong>SEE<\/strong>\u201d). Astfel, v\u0103 inform\u0103m c\u0103 orice transfer efectuat de c\u0103tre Operator c\u0103tre un stat membru UE sau SEE va respecta prevederile legale din Regulamentul General privind protec\u021bia datelor nr. 2016\/679 adoptat de Parlamentul European (\u201c<strong>GDPR<\/strong>\u201d).<\/p>\n\n\n\n<p>Datele cu caracter personal men\u021bionate \u00een aceast\u0103 not\u0103 de informare nu sunt transferate c\u0103tre state care nu asigur\u0103 protec\u021bie adecvat\u0103 \u00een ceea ce prive\u0219te prelucrarea datelor cu caracter personal.<\/p>\n\n\n\n<p><strong>VIII. M\u0103suri de securitate a datelor<\/strong><\/p>\n\n\n\n<p>Acest site adopta toate m\u0103surile de securitate necesare protej\u0103rii informa\u021biilor personale ale utilizatorilor no\u0219tri. \u00cen momentul complet\u0103rii datelor personale pe site-ul nostru, informa\u021biile vor fi protejate at\u00e2t offline c\u00e2t \u0219i online. Toate informa\u021biile cu caracter personal vor fi prelucrate prin intermediul unor pagini securizate care folosesc sistemul de criptare SSL, marcate cu simbolul unui l\u0103c\u0103\u021bel, pozi\u021bionat \u00een partea de jos a ferestrei de browser Microsoft Internet Explorer.<\/p>\n\n\n\n<p>Organiz\u0103m cursuri de instruire pentru angaja\u021bii no\u0219tri cu privire la importan\u021ba protej\u0103rii datelor cu caracter personal \u0219i depunem toate eforturile pentru a ne asigura c\u0103 \u0219i partenerii no\u0219tri gestioneaz\u0103 m\u0103suri adecvate pentru prelucrarea datelor personale care pot ajunge la ei \u00een cadrul raporturilor noastre contractuale.<\/p>\n\n\n\n<p>De asemenea, pl\u0103\u021bile care se efectueaz\u0103 prin intermediul www.selectweb.ro, strict pentru achitarea serviciilor accesate prin www.selectweb.ro, se realizeaz\u0103 \u00een condi\u021bii de securitate, conform politicilor de securitate implementate de furnizorii acestui serviciu, respectiv, Euplatesc.ro. Pentru a v\u0103 informa cu privire la politica de confiden\u021bialitate a acestui operator pute\u021bi accesa urm\u0103torul link:&nbsp;<a href=\"https:\/\/www.euplatesc.ro\/politica-de-confidentialitate.php\">https:\/\/www.euplatesc.ro\/politica-de-confidentialitate.php<\/a><\/p>\n\n\n\n<p><strong>IX. Drepturile dumneavoastr\u0103 \u00een leg\u0103tur\u0103 cu datele personale pe care ni le furniza\u021bi<\/strong><\/p>\n\n\n\n<p>Pe baza unei cereri scrise, datate \u0219i semnate, expediate pe adresa Winner Path SRL, sediul social \u00een T\u00e2rgu Jiu, str. Ecaterina Teodoroiu, nr. 120, jud. Gorj, \u00eenmatriculat\u0103 la Oficiul Registrului Comer\u021bului Gorj Nr. J18\/318\/2021, Cod Unic de \u00cenregistrare: 43873203, e-mail contact@old.selectweb.ro, nr. tel. +40762226230, va pute\u021bi exercita, \u00een mod gratuit, urm\u0103toarele drepturi:<\/p>\n\n\n\n<p><strong>Dreptul la informare<\/strong>&nbsp;\u2013 pute\u021bi solicita informa\u021bii \u0219i detalii privind activit\u0103\u021bile de prelucrare a datelor personale. V\u0103 st\u0103m la dispozi\u021bie la adresa:&nbsp;T\u00e2rgu Jiu, str. Ecaterina Teodoroiu, nr. 120, jud. Gorj, \u00eenmatriculat\u0103 la Oficiul Registrului Comer\u021bului Gorj Nr. J18\/318\/2021, Cod Unic de \u00cenregistrare: 43873203, e-mail contact@old.selectweb.ro, nr. tel. +40762226230<\/p>\n\n\n\n<p>Suntem aten\u021bi la asigurarea dreptului dumneavoastr\u0103 de a primi informa\u021bii clare, transparente, u\u0219or de \u00een\u021beles \u0219i accesibile cu privire la modul \u00een care v\u0103 prelucr\u0103m datele, inclusiv detalii legate de drepturile pe care le de\u021bine\u021bi \u00een acest sens \u0219i care sunt prezentate \u0219i \u00een acest document.<\/p>\n\n\n\n<p><strong>Dreptul la rectificare<\/strong>&nbsp;\u2013 \u00een cazul \u00een care constata\u021bi c\u0103 datele dumneavoastr\u0103 personale pe care le prelucr\u0103m sunt incorecte, incomplete, inexacte, le pute\u021bi rectifica sau le pute\u021bi completa printr-o simpl\u0103 solicitare de rectificare trimis\u0103 la adresa de email contact@old.selectweb.ro.<\/p>\n\n\n\n<p><strong>Dreptul la \u0219tergerea datelor (\u201cdreptul de a fi uitat\u201d)<\/strong>&nbsp;\u2013 \u00een cazul \u00een care prelucrarea datelor nu a fost legal\u0103 sau \u00een alte cazuri prev\u0103zute de lege pute\u021bi s\u0103 le \u0219terge\u021bi chiar dumneavoastr\u0103 sau pute\u021bi ob\u021bine \u0219tergerea acestora prin trimiterea unei solicit\u0103ri \u00een acest sens la adresa de email contact@old.selectweb.ro. \u0218tergerea datelor se va realiza \u00een maxim 30 de zile de la data solicit\u0103rii, iar datele colectate vor fi eliminate din fi\u0219ierele de backup dup\u0103 30 zile de la data \u0219tergerii. \u0218tergerea datelor poate avea loc \u00een oricare dintre situa\u021biile urm\u0103toare:<\/p>\n\n\n\n<ol class=\"wp-block-list\">\n<li><\/li>\n<\/ol>\n\n\n\n<ol class=\"wp-block-list\">\n<li><\/li>\n<\/ol>\n\n\n\n<ol class=\"wp-block-list\">\n<li><\/li>\n<\/ol>\n\n\n\n<ol class=\"wp-block-list\">\n<li><\/li>\n<\/ol>\n\n\n\n<ol class=\"wp-block-list\">\n<li><\/li>\n<\/ol>\n\n\n\n<ol class=\"wp-block-list\">\n<li><\/li>\n<\/ol>\n\n\n\n<p>V\u0103 vom putea respinge solicitarea de \u0219tergere a datelor dac\u0103:<\/p>\n\n\n\n<p>(a) trebuie s\u0103 ne conform\u0103m unor obliga\u021bii legale de a p\u0103stra datele;<\/p>\n\n\n\n<p>(b) dac\u0103 datele ne sunt necesare pentru constatarea, exercitarea sau ap\u0103rarea drepturilor noastre \u00een justi\u021bie.<\/p>\n\n\n\n<p><strong>Dreptul la restric\u021bionarea prelucr\u0103rii<\/strong>&nbsp;\u2013 pute\u021bi solicita restric\u021bionarea prelucr\u0103rii \u00een cazurile \u00een care:<\/p>\n\n\n\n<ol class=\"wp-block-list\">\n<li><\/li>\n<\/ol>\n\n\n\n<ol class=\"wp-block-list\">\n<li><\/li>\n<\/ol>\n\n\n\n<ol class=\"wp-block-list\">\n<li><\/li>\n<\/ol>\n\n\n\n<ol class=\"wp-block-list\">\n<li><\/li>\n<\/ol>\n\n\n\n<p><strong>Dreptul de opozi\u021bie<\/strong>&nbsp;\u2013&nbsp;v\u0103&nbsp;pute\u021bi opune&nbsp;\u00een special, prelucr\u0103rilor de date care se&nbsp;\u00eentemeiaz\u0103 pe interesul nostru legitim.<\/p>\n\n\n\n<p><strong>Dreptul la portabilitatea datelor<\/strong>&nbsp;\u2013 pute\u021bi primi,&nbsp;\u00een anumite condi\u021bii, datele personale pe care ni le-a\u021bi furnizat,&nbsp;acestea v\u0103 vor fi transmise \u00een format JSON pe email \u00een termen de 30 de zile de la solicitare sau pute\u021bi solicita ca respectivele date s\u0103 fie transmise altui operator.<\/p>\n\n\n\n<p><strong>Dreptul de a depune pl\u00e2ngere<\/strong>&nbsp;\u2013 pute\u021bi depune pl\u00e2ngere fat\u0103&nbsp;de modalitatea de prelucrare a datelor personale la Autoritatea Na\u021bional\u0103 de Supraveghere a Prelucr\u0103rii Datelor cu Caracter Personal (ANSPDCP).<\/p>\n\n\n\n<p>Date de contact \u0219i informa\u021bii legate de ANSPDCP g\u0103si\u021bi pe site-ul&nbsp;<a href=\"http:\/\/www.dataprotection.ro\/\">http:\/\/www.dataprotection.ro\/<\/a>.<\/p>\n\n\n\n<p><strong>Dreptul de retragere a consim\u021b\u0103m\u00e2ntului<\/strong>&nbsp;\u2013&nbsp;\u00een cazurile \u00een care prelucrarea se \u00eentemeiaz\u0103&nbsp;pe consim\u021b\u0103m\u00e2ntul dvs., vi-l pute\u021bi retrage oric\u00e2nd.<\/p>\n\n\n\n<p>Retragerea consim\u021b\u0103m\u00e2ntului va avea efecte doar pentru viitor, prelucrarea efectuat\u0103 anterior retragerii r\u0103m\u00e2n\u00e2nd in continuare valabil\u0103.<\/p>\n\n\n\n<p><strong>Dreptul de a nu fi supus unor decizii automate sau profilare suplimentare aferente deciziilor automate:&nbsp;<\/strong>pute\u021bi cere&nbsp;\u0219i ob\u021bine interven\u021bia uman\u0103&nbsp;cu privire la respectiva prelucrare sau v\u0103&nbsp;pute\u021bi exprima propriul punct de vedere cu privire la acest tip de prelucrare.<\/p>","protected":false},"excerpt":{"rendered":"<p>Ultima editare: 7 Februarie 2022 Pentru a v\u0103 informa \u0219i a \u00een\u021belege [&hellip;]<\/p>\n","protected":false},"author":1,"featured_media":0,"parent":0,"menu_order":0,"comment_status":"closed","ping_status":"closed","template":"","meta":{"footnotes":""},"class_list":["post-852","page","type-page","status-publish","hentry"],"yoast_head":"<!-- This site is optimized with the Yoast SEO plugin v26.9 - https:\/\/yoast.com\/product\/yoast-seo-wordpress\/ -->\n<title>Politica GDPR<\/title>\n<meta name=\"description\" content=\"Politica GDPR\" \/>\n<meta name=\"robots\" content=\"index, follow, max-snippet:-1, max-image-preview:large, max-video-preview:-1\" \/>\n<link rel=\"canonical\" href=\"https:\/\/selectweb.ro\/en\/politica-gdpr\/\" \/>\n<meta property=\"og:locale\" content=\"en_US\" \/>\n<meta property=\"og:type\" content=\"article\" \/>\n<meta property=\"og:title\" content=\"Politica GDPR\" \/>\n<meta property=\"og:description\" content=\"Politica GDPR\" \/>\n<meta property=\"og:url\" content=\"https:\/\/selectweb.ro\/en\/politica-gdpr\/\" \/>\n<meta property=\"og:site_name\" content=\"SelectWeb\" \/>\n<meta property=\"article:modified_time\" content=\"2023-07-07T01:14:28+00:00\" \/>\n<meta name=\"twitter:card\" content=\"summary_large_image\" \/>\n<meta name=\"twitter:label1\" content=\"Est. reading time\" \/>\n\t<meta name=\"twitter:data1\" content=\"10 minutes\" \/>\n<script type=\"application\/ld+json\" class=\"yoast-schema-graph\">{\"@context\":\"https:\/\/schema.org\",\"@graph\":[{\"@type\":\"WebPage\",\"@id\":\"https:\/\/selectweb.ro\/politica-gdpr\/\",\"url\":\"https:\/\/selectweb.ro\/politica-gdpr\/\",\"name\":\"Politica GDPR\",\"isPartOf\":{\"@id\":\"https:\/\/selectweb.ro\/#website\"},\"datePublished\":\"2023-07-07T01:13:56+00:00\",\"dateModified\":\"2023-07-07T01:14:28+00:00\",\"description\":\"Politica GDPR\",\"breadcrumb\":{\"@id\":\"https:\/\/selectweb.ro\/politica-gdpr\/#breadcrumb\"},\"inLanguage\":\"en-US\",\"potentialAction\":[{\"@type\":\"ReadAction\",\"target\":[\"https:\/\/selectweb.ro\/politica-gdpr\/\"]}]},{\"@type\":\"BreadcrumbList\",\"@id\":\"https:\/\/selectweb.ro\/politica-gdpr\/#breadcrumb\",\"itemListElement\":[{\"@type\":\"ListItem\",\"position\":1,\"name\":\"Prima pagin\u0103\",\"item\":\"https:\/\/selectweb.ro\/\"},{\"@type\":\"ListItem\",\"position\":2,\"name\":\"Politica GDPR\"}]},{\"@type\":\"WebSite\",\"@id\":\"https:\/\/selectweb.ro\/#website\",\"url\":\"https:\/\/selectweb.ro\/\",\"name\":\"SelectWeb\",\"description\":\"Creare Website\",\"potentialAction\":[{\"@type\":\"SearchAction\",\"target\":{\"@type\":\"EntryPoint\",\"urlTemplate\":\"https:\/\/selectweb.ro\/?s={search_term_string}\"},\"query-input\":{\"@type\":\"PropertyValueSpecification\",\"valueRequired\":true,\"valueName\":\"search_term_string\"}}],\"inLanguage\":\"en-US\"}]}<\/script>\n<!-- \/ Yoast SEO plugin. -->","yoast_head_json":{"title":"Politica GDPR","description":"Politica GDPR","robots":{"index":"index","follow":"follow","max-snippet":"max-snippet:-1","max-image-preview":"max-image-preview:large","max-video-preview":"max-video-preview:-1"},"canonical":"https:\/\/selectweb.ro\/en\/politica-gdpr\/","og_locale":"en_US","og_type":"article","og_title":"Politica GDPR","og_description":"Politica GDPR","og_url":"https:\/\/selectweb.ro\/en\/politica-gdpr\/","og_site_name":"SelectWeb","article_modified_time":"2023-07-07T01:14:28+00:00","twitter_card":"summary_large_image","twitter_misc":{"Est. reading time":"10 minutes"},"schema":{"@context":"https:\/\/schema.org","@graph":[{"@type":"WebPage","@id":"https:\/\/selectweb.ro\/politica-gdpr\/","url":"https:\/\/selectweb.ro\/politica-gdpr\/","name":"Politica GDPR","isPartOf":{"@id":"https:\/\/selectweb.ro\/#website"},"datePublished":"2023-07-07T01:13:56+00:00","dateModified":"2023-07-07T01:14:28+00:00","description":"Politica GDPR","breadcrumb":{"@id":"https:\/\/selectweb.ro\/politica-gdpr\/#breadcrumb"},"inLanguage":"en-US","potentialAction":[{"@type":"ReadAction","target":["https:\/\/selectweb.ro\/politica-gdpr\/"]}]},{"@type":"BreadcrumbList","@id":"https:\/\/selectweb.ro\/politica-gdpr\/#breadcrumb","itemListElement":[{"@type":"ListItem","position":1,"name":"Prima pagin\u0103","item":"https:\/\/selectweb.ro\/"},{"@type":"ListItem","position":2,"name":"Politica GDPR"}]},{"@type":"WebSite","@id":"https:\/\/selectweb.ro\/#website","url":"https:\/\/selectweb.ro\/","name":"SelectWeb","description":"Creare Website","potentialAction":[{"@type":"SearchAction","target":{"@type":"EntryPoint","urlTemplate":"https:\/\/selectweb.ro\/?s={search_term_string}"},"query-input":{"@type":"PropertyValueSpecification","valueRequired":true,"valueName":"search_term_string"}}],"inLanguage":"en-US"}]}},"_links":{"self":[{"href":"https:\/\/selectweb.ro\/en\/wp-json\/wp\/v2\/pages\/852","targetHints":{"allow":["GET"]}}],"collection":[{"href":"https:\/\/selectweb.ro\/en\/wp-json\/wp\/v2\/pages"}],"about":[{"href":"https:\/\/selectweb.ro\/en\/wp-json\/wp\/v2\/types\/page"}],"author":[{"embeddable":true,"href":"https:\/\/selectweb.ro\/en\/wp-json\/wp\/v2\/users\/1"}],"replies":[{"embeddable":true,"href":"https:\/\/selectweb.ro\/en\/wp-json\/wp\/v2\/comments?post=852"}],"version-history":[{"count":0,"href":"https:\/\/selectweb.ro\/en\/wp-json\/wp\/v2\/pages\/852\/revisions"}],"wp:attachment":[{"href":"https:\/\/selectweb.ro\/en\/wp-json\/wp\/v2\/media?parent=852"}],"curies":[{"name":"wp","href":"https:\/\/api.w.org\/{rel}","templated":true}]}}