{"id":967,"date":"2023-07-27T16:53:17","date_gmt":"2023-07-27T13:53:17","guid":{"rendered":"https:\/\/selectweb.ro\/?page_id=967"},"modified":"2024-10-12T14:29:48","modified_gmt":"2024-10-12T11:29:48","slug":"hub-ul-de-asistenta-selectweb","status":"publish","type":"page","link":"https:\/\/selectweb.ro\/en\/hub-ul-de-asistenta-selectweb\/","title":{"rendered":"Asisten\u021b\u0103 clien\u021bi"},"content":{"rendered":"<div data-elementor-type=\"wp-page\" data-elementor-id=\"967\" class=\"elementor elementor-967\" data-elementor-settings=\"{&quot;element_pack_global_tooltip_width&quot;:{&quot;unit&quot;:&quot;px&quot;,&quot;size&quot;:&quot;&quot;,&quot;sizes&quot;:[]},&quot;element_pack_global_tooltip_width_tablet&quot;:{&quot;unit&quot;:&quot;px&quot;,&quot;size&quot;:&quot;&quot;,&quot;sizes&quot;:[]},&quot;element_pack_global_tooltip_width_mobile&quot;:{&quot;unit&quot;:&quot;px&quot;,&quot;size&quot;:&quot;&quot;,&quot;sizes&quot;:[]},&quot;element_pack_global_tooltip_padding&quot;:{&quot;unit&quot;:&quot;px&quot;,&quot;top&quot;:&quot;&quot;,&quot;right&quot;:&quot;&quot;,&quot;bottom&quot;:&quot;&quot;,&quot;left&quot;:&quot;&quot;,&quot;isLinked&quot;:true},&quot;element_pack_global_tooltip_padding_tablet&quot;:{&quot;unit&quot;:&quot;px&quot;,&quot;top&quot;:&quot;&quot;,&quot;right&quot;:&quot;&quot;,&quot;bottom&quot;:&quot;&quot;,&quot;left&quot;:&quot;&quot;,&quot;isLinked&quot;:true},&quot;element_pack_global_tooltip_padding_mobile&quot;:{&quot;unit&quot;:&quot;px&quot;,&quot;top&quot;:&quot;&quot;,&quot;right&quot;:&quot;&quot;,&quot;bottom&quot;:&quot;&quot;,&quot;left&quot;:&quot;&quot;,&quot;isLinked&quot;:true},&quot;element_pack_global_tooltip_border_radius&quot;:{&quot;unit&quot;:&quot;px&quot;,&quot;top&quot;:&quot;&quot;,&quot;right&quot;:&quot;&quot;,&quot;bottom&quot;:&quot;&quot;,&quot;left&quot;:&quot;&quot;,&quot;isLinked&quot;:true},&quot;element_pack_global_tooltip_border_radius_tablet&quot;:{&quot;unit&quot;:&quot;px&quot;,&quot;top&quot;:&quot;&quot;,&quot;right&quot;:&quot;&quot;,&quot;bottom&quot;:&quot;&quot;,&quot;left&quot;:&quot;&quot;,&quot;isLinked&quot;:true},&quot;element_pack_global_tooltip_border_radius_mobile&quot;:{&quot;unit&quot;:&quot;px&quot;,&quot;top&quot;:&quot;&quot;,&quot;right&quot;:&quot;&quot;,&quot;bottom&quot;:&quot;&quot;,&quot;left&quot;:&quot;&quot;,&quot;isLinked&quot;:true}}\">\n\t\t\t\t\t\t<section class=\"elementor-section elementor-top-section elementor-element elementor-element-0399b38 elementor-section-boxed elementor-section-height-default elementor-section-height-default\" data-id=\"0399b38\" data-element_type=\"section\" data-e-type=\"section\">\n\t\t\t\t\t\t<div class=\"elementor-container elementor-column-gap-default\">\n\t\t\t\t\t<div class=\"elementor-column elementor-col-100 elementor-top-column elementor-element elementor-element-848f925\" data-id=\"848f925\" data-element_type=\"column\" data-e-type=\"column\">\n\t\t\t<div class=\"elementor-widget-wrap elementor-element-populated\">\n\t\t\t\t\t\t<div class=\"elementor-element elementor-element-b816a7e elementor-widget elementor-widget-text-editor\" data-id=\"b816a7e\" data-element_type=\"widget\" data-e-type=\"widget\" data-widget_type=\"text-editor.default\">\n\t\t\t\t\t\t\t\t\t<h4 data-sourcepos=\"1:1-1:17\">Dragi clien\u021bi,<\/h4><p data-sourcepos=\"3:1-3:99\">Ne bucur\u0103m s\u0103 v\u0103 anun\u021b\u0103m c\u0103 am f\u0103cut un pas important pentru a v\u0103 oferi o experien\u021b\u0103 \u0219i mai bun\u0103! \u2728<\/p><p data-sourcepos=\"5:1-5:160\">\u00cencep\u00e2nd de ast\u0103zi, 12 octombrie 2024, am lansat un <strong>nou sistem de asisten\u021b\u0103<\/strong>, conceput special pentru a v\u0103 r\u0103spunde mai rapid \u0219i mai eficient la solicit\u0103ri.<\/p><p data-sourcepos=\"7:1-7:217\">Pentru a simplifica procesul de comunicare \u0219i a v\u0103 oferi suportul necesar \u00een timp real, am integrat toate func\u021biile de asisten\u021b\u0103 \u00eentr-un <strong>chat live<\/strong> modern \u0219i intuitiv, <span style=\"text-decoration: underline;\">disponibil \u00een partea dreapt\u0103 jos a ecranului<\/span>.<\/p><p data-sourcepos=\"9:1-9:16\">Aici ve\u021bi putea:<\/p><ul data-sourcepos=\"11:1-14:0\"><li data-sourcepos=\"11:1-11:57\">Intra rapid \u00een leg\u0103tur\u0103 cu un membru al echipei noastre<\/li><li data-sourcepos=\"12:1-12:33\">Solicita o ofert\u0103 personalizat\u0103<\/li><li data-sourcepos=\"13:1-14:0\">Deschide un ticket de asisten\u021b\u0103 \u0219i urm\u0103ri statusul acestuia<\/li><\/ul><p data-sourcepos=\"15:1-15:282\">Din p\u0103cate, odat\u0103 cu trecerea la noul sistem, <strong>ticketele vechi din aceast\u0103 pagin\u0103 nu mai sunt accesibile<\/strong>. V\u0103 asigur\u0103m \u00eens\u0103 c\u0103 vom trata cu prioritate orice solicitare deschis\u0103 anterior \u0219i v\u0103 vom contacta \u00een cel mai scurt timp pentru a o solu\u021biona prin intermediul chat-ului live.<\/p><p data-sourcepos=\"17:1-17:195\">Ne dorim s\u0103 v\u0103 fim al\u0103turi la fiecare pas \u0219i s\u0103 v\u0103 oferim servicii de cea mai \u00eenalt\u0103 calitate. V\u0103 mul\u021bumim pentru \u00een\u021belegere \u0219i suntem convin\u0219i c\u0103 ve\u021bi aprecia noul nostru sistem de asisten\u021b\u0103! \ud83d\ude0a<\/p>\t\t\t\t\t\t\t\t<\/div>\n\t\t\t\t\t<\/div>\n\t\t<\/div>\n\t\t\t\t\t<\/div>\n\t\t<\/section>\n\t\t\t\t<\/div>","protected":false},"excerpt":{"rendered":"<p>Dragi clien\u021bi, Ne bucur\u0103m s\u0103 v\u0103 anun\u021b\u0103m c\u0103 am f\u0103cut un pas [&hellip;]<\/p>\n","protected":false},"author":1,"featured_media":0,"parent":0,"menu_order":0,"comment_status":"closed","ping_status":"closed","template":"","meta":{"footnotes":""},"class_list":["post-967","page","type-page","status-publish","hentry"],"yoast_head":"<!-- This site is optimized with the Yoast SEO plugin v26.9 - https:\/\/yoast.com\/product\/yoast-seo-wordpress\/ -->\n<title>Hub-ul de asisten\u021b\u0103 SelectWeb - Servicii digitale premium<\/title>\n<meta name=\"description\" content=\"Hub-ul de asisten\u021b\u0103 SelectWeb - Un punct centralizat unde clien\u021bii pot g\u0103si r\u0103spunsuri la \u00eentreb\u0103rile lor, rezolva problemele legate de...\" \/>\n<meta name=\"robots\" content=\"index, follow, max-snippet:-1, max-image-preview:large, max-video-preview:-1\" \/>\n<link rel=\"canonical\" href=\"https:\/\/selectweb.ro\/en\/hub-ul-de-asistenta-selectweb\/\" \/>\n<meta property=\"og:locale\" content=\"en_US\" \/>\n<meta property=\"og:type\" content=\"article\" \/>\n<meta property=\"og:title\" content=\"Hub-ul de asisten\u021b\u0103 SelectWeb - Servicii digitale premium\" \/>\n<meta property=\"og:description\" content=\"Hub-ul de asisten\u021b\u0103 SelectWeb - Un punct centralizat unde clien\u021bii pot g\u0103si r\u0103spunsuri la \u00eentreb\u0103rile lor, rezolva problemele legate de...\" \/>\n<meta property=\"og:url\" content=\"https:\/\/selectweb.ro\/en\/hub-ul-de-asistenta-selectweb\/\" \/>\n<meta property=\"og:site_name\" content=\"SelectWeb\" \/>\n<meta property=\"article:modified_time\" content=\"2024-10-12T11:29:48+00:00\" \/>\n<meta name=\"twitter:card\" content=\"summary_large_image\" \/>\n<meta name=\"twitter:label1\" content=\"Est. reading time\" \/>\n\t<meta name=\"twitter:data1\" content=\"2 minutes\" \/>\n<script type=\"application\/ld+json\" class=\"yoast-schema-graph\">{\"@context\":\"https:\/\/schema.org\",\"@graph\":[{\"@type\":\"WebPage\",\"@id\":\"https:\/\/selectweb.ro\/hub-ul-de-asistenta-selectweb\/\",\"url\":\"https:\/\/selectweb.ro\/hub-ul-de-asistenta-selectweb\/\",\"name\":\"Hub-ul de asisten\u021b\u0103 SelectWeb - Servicii digitale premium\",\"isPartOf\":{\"@id\":\"https:\/\/selectweb.ro\/#website\"},\"datePublished\":\"2023-07-27T13:53:17+00:00\",\"dateModified\":\"2024-10-12T11:29:48+00:00\",\"description\":\"Hub-ul de asisten\u021b\u0103 SelectWeb - Un punct centralizat unde clien\u021bii pot g\u0103si r\u0103spunsuri la \u00eentreb\u0103rile lor, rezolva problemele legate de...\",\"breadcrumb\":{\"@id\":\"https:\/\/selectweb.ro\/hub-ul-de-asistenta-selectweb\/#breadcrumb\"},\"inLanguage\":\"en-US\",\"potentialAction\":[{\"@type\":\"ReadAction\",\"target\":[\"https:\/\/selectweb.ro\/hub-ul-de-asistenta-selectweb\/\"]}]},{\"@type\":\"BreadcrumbList\",\"@id\":\"https:\/\/selectweb.ro\/hub-ul-de-asistenta-selectweb\/#breadcrumb\",\"itemListElement\":[{\"@type\":\"ListItem\",\"position\":1,\"name\":\"Prima pagin\u0103\",\"item\":\"https:\/\/selectweb.ro\/\"},{\"@type\":\"ListItem\",\"position\":2,\"name\":\"Asisten\u021b\u0103 clien\u021bi\"}]},{\"@type\":\"WebSite\",\"@id\":\"https:\/\/selectweb.ro\/#website\",\"url\":\"https:\/\/selectweb.ro\/\",\"name\":\"SelectWeb\",\"description\":\"Creare Website\",\"potentialAction\":[{\"@type\":\"SearchAction\",\"target\":{\"@type\":\"EntryPoint\",\"urlTemplate\":\"https:\/\/selectweb.ro\/?s={search_term_string}\"},\"query-input\":{\"@type\":\"PropertyValueSpecification\",\"valueRequired\":true,\"valueName\":\"search_term_string\"}}],\"inLanguage\":\"en-US\"}]}<\/script>\n<!-- \/ Yoast SEO plugin. -->","yoast_head_json":{"title":"Hub-ul de asisten\u021b\u0103 SelectWeb - Servicii digitale premium","description":"Hub-ul de asisten\u021b\u0103 SelectWeb - Un punct centralizat unde clien\u021bii pot g\u0103si r\u0103spunsuri la \u00eentreb\u0103rile lor, rezolva problemele legate de...","robots":{"index":"index","follow":"follow","max-snippet":"max-snippet:-1","max-image-preview":"max-image-preview:large","max-video-preview":"max-video-preview:-1"},"canonical":"https:\/\/selectweb.ro\/en\/hub-ul-de-asistenta-selectweb\/","og_locale":"en_US","og_type":"article","og_title":"Hub-ul de asisten\u021b\u0103 SelectWeb - Servicii digitale premium","og_description":"Hub-ul de asisten\u021b\u0103 SelectWeb - Un punct centralizat unde clien\u021bii pot g\u0103si r\u0103spunsuri la \u00eentreb\u0103rile lor, rezolva problemele legate de...","og_url":"https:\/\/selectweb.ro\/en\/hub-ul-de-asistenta-selectweb\/","og_site_name":"SelectWeb","article_modified_time":"2024-10-12T11:29:48+00:00","twitter_card":"summary_large_image","twitter_misc":{"Est. reading time":"2 minutes"},"schema":{"@context":"https:\/\/schema.org","@graph":[{"@type":"WebPage","@id":"https:\/\/selectweb.ro\/hub-ul-de-asistenta-selectweb\/","url":"https:\/\/selectweb.ro\/hub-ul-de-asistenta-selectweb\/","name":"Hub-ul de asisten\u021b\u0103 SelectWeb - Servicii digitale premium","isPartOf":{"@id":"https:\/\/selectweb.ro\/#website"},"datePublished":"2023-07-27T13:53:17+00:00","dateModified":"2024-10-12T11:29:48+00:00","description":"Hub-ul de asisten\u021b\u0103 SelectWeb - Un punct centralizat unde clien\u021bii pot g\u0103si r\u0103spunsuri la \u00eentreb\u0103rile lor, rezolva problemele legate de...","breadcrumb":{"@id":"https:\/\/selectweb.ro\/hub-ul-de-asistenta-selectweb\/#breadcrumb"},"inLanguage":"en-US","potentialAction":[{"@type":"ReadAction","target":["https:\/\/selectweb.ro\/hub-ul-de-asistenta-selectweb\/"]}]},{"@type":"BreadcrumbList","@id":"https:\/\/selectweb.ro\/hub-ul-de-asistenta-selectweb\/#breadcrumb","itemListElement":[{"@type":"ListItem","position":1,"name":"Prima pagin\u0103","item":"https:\/\/selectweb.ro\/"},{"@type":"ListItem","position":2,"name":"Asisten\u021b\u0103 clien\u021bi"}]},{"@type":"WebSite","@id":"https:\/\/selectweb.ro\/#website","url":"https:\/\/selectweb.ro\/","name":"SelectWeb","description":"Creare Website","potentialAction":[{"@type":"SearchAction","target":{"@type":"EntryPoint","urlTemplate":"https:\/\/selectweb.ro\/?s={search_term_string}"},"query-input":{"@type":"PropertyValueSpecification","valueRequired":true,"valueName":"search_term_string"}}],"inLanguage":"en-US"}]}},"_links":{"self":[{"href":"https:\/\/selectweb.ro\/en\/wp-json\/wp\/v2\/pages\/967","targetHints":{"allow":["GET"]}}],"collection":[{"href":"https:\/\/selectweb.ro\/en\/wp-json\/wp\/v2\/pages"}],"about":[{"href":"https:\/\/selectweb.ro\/en\/wp-json\/wp\/v2\/types\/page"}],"author":[{"embeddable":true,"href":"https:\/\/selectweb.ro\/en\/wp-json\/wp\/v2\/users\/1"}],"replies":[{"embeddable":true,"href":"https:\/\/selectweb.ro\/en\/wp-json\/wp\/v2\/comments?post=967"}],"version-history":[{"count":0,"href":"https:\/\/selectweb.ro\/en\/wp-json\/wp\/v2\/pages\/967\/revisions"}],"wp:attachment":[{"href":"https:\/\/selectweb.ro\/en\/wp-json\/wp\/v2\/media?parent=967"}],"curies":[{"name":"wp","href":"https:\/\/api.w.org\/{rel}","templated":true}]}}